{"id":20,"date":"2024-05-16T09:08:36","date_gmt":"2024-05-16T09:08:36","guid":{"rendered":"http:\/\/globus-icits.ee\/?page_id=20"},"modified":"2024-06-03T08:10:20","modified_gmt":"2024-06-03T08:10:20","slug":"inspekteerimisteenused","status":"publish","type":"page","link":"https:\/\/globus-icits.ee\/et\/inspekteerimisteenused\/","title":{"rendered":"Inspekteerimisteenused"},"content":{"rendered":"\n<style type=\"text\/css\" data-created_by=\"avia_inline_auto\" id=\"style-css-av-lwaj05gz-4ab7b2a9f1df36d1275bc7b5e5d4fc24\">\n.avia-section.av-lwaj05gz-4ab7b2a9f1df36d1275bc7b5e5d4fc24{\nbackground-color:#104784;\nbackground-image:unset;\n}\n<\/style>\n<div id='av_section_1'  class='avia-section av-lwaj05gz-4ab7b2a9f1df36d1275bc7b5e5d4fc24 main_color avia-section-default avia-no-border-styling  avia-builder-el-0  el_before_av_textblock  avia-builder-el-first  alamlehe-pealkiri avia-bg-style-scroll av-minimum-height av-minimum-height-15 av-height-percent  container_wrap fullsize'   data-av_minimum_height_pc='15' data-av_min_height_opt='percent'><div class='container av-section-cont-open' ><main  role=\"main\" itemprop=\"mainContentOfPage\"  class='template-page content  av-content-full alpha units'><div class='post-entry post-entry-type-page post-entry-20'><div class='entry-content-wrapper clearfix'>\n\n<style type=\"text\/css\" data-created_by=\"avia_inline_auto\" id=\"style-css-av-lwaiyrt1-6b6548af538f92fe9d5e748960e546e0\">\n#top .av-special-heading.av-lwaiyrt1-6b6548af538f92fe9d5e748960e546e0{\npadding-bottom:10px;\ncolor:#ffffff;\n}\nbody .av-special-heading.av-lwaiyrt1-6b6548af538f92fe9d5e748960e546e0 .av-special-heading-tag .heading-char{\nfont-size:25px;\n}\n.av-special-heading.av-lwaiyrt1-6b6548af538f92fe9d5e748960e546e0 .special-heading-inner-border{\nborder-color:#ffffff;\n}\n.av-special-heading.av-lwaiyrt1-6b6548af538f92fe9d5e748960e546e0 .av-subheading{\nfont-size:15px;\n}\n\n@media only screen and (min-width: 990px){ \n#top #wrap_all .av-special-heading.av-lwaiyrt1-6b6548af538f92fe9d5e748960e546e0 .av-special-heading-tag{\nfont-size:36px;\n}\n}\n\n@media only screen and (max-width: 479px){ \n#top #wrap_all .av-special-heading.av-lwaiyrt1-6b6548af538f92fe9d5e748960e546e0 .av-special-heading-tag{\nfont-size:24px;\n}\n}\n<\/style>\n<div  class='av-special-heading av-lwaiyrt1-6b6548af538f92fe9d5e748960e546e0 av-special-heading-h2 custom-color-heading blockquote modern-quote modern-centered  avia-builder-el-1  avia-builder-el-no-sibling '><h2 class='av-special-heading-tag'  itemprop=\"headline\"  >Inspekteerimisteenus<\/h2><div class=\"special-heading-border\"><div class=\"special-heading-inner-border\"><\/div><\/div><\/div>\n<\/div><\/div><\/main><!-- close content main element --><\/div><\/div><div id='after_section_1'  class='main_color av_default_container_wrap container_wrap fullsize'  ><div class='container av-section-cont-open' ><div class='template-page content  av-content-full alpha units'><div class='post-entry post-entry-type-page post-entry-20'><div class='entry-content-wrapper clearfix'>\n<section  class='av_textblock_section av-lwakjcul-52341ff728c76bbd8008e89bd7adf5bd '   itemscope=\"itemscope\" itemtype=\"https:\/\/schema.org\/CreativeWork\" ><div class='avia_textblock'  itemprop=\"text\" ><p>K\u00e4esoleval ajal firma Globus ICITS O\u00dc on valmis teostama Teie jaoks j\u00e4rgmisi inspekteerimisi:<\/p>\n<p>&#8211; Kauba kvaliteedikontroll ja vastavuse t\u00f5endamine.<br \/>\n&#8211; Lasti koguse m\u00e4\u00e4ramine laevas\u00fcvise j\u00e4rgi (Draught Survey).<br \/>\n&#8211; Vedellasti koguse m\u00e4\u00e4ramine (Ullage Survey).<br \/>\n&#8211; Lasti koguse m\u00e4\u00e4ramine el.kaalul kaalumise meetodil.<br \/>\n&#8211; Laeva v\u00e4lise ja tehnilise seisukorra \u00fclevaatus ja k\u00fctuse koguse kindlaksm\u00e4\u00e4ramine pardal selle T\u0161arterisse sisse- ja v\u00e4ljaviimisel (<span style=\"color: #000000;\">On\/Off-Hire Condition and Bunker Survey)<\/span>.<br \/>\n&#8211; Laevatr\u00fcmmide, konteinerite, autode laadimiseelne \u00fclevaatus.<br \/>\n&#8211; Lasti \u00fclevaatus enne pealelaadimist \/ mahalaadimist (Pre-shipment inspection).<br \/>\n&#8211; Kahjustatud lasti \u00fclevaatus, selle kahjustamise p\u00f5hjuste uurimine (Damage Survey).<br \/>\n&#8211; Segalastide kontrollrevisjonide teostamine laos hoidmise perioodil.<br \/>\n&#8211; Proovide v\u00f5tmine vastavalt ISO\/\u0413\u041e\u0421\u0422\/GAFTA standardite n\u00f5uetele.<br \/>\n&#8211; Lasti seisundi monitooring selle pealelaadimise \/ mahalaadimise k\u00e4igus (Full time supervision).<br \/>\n&#8211; Lasti kvaliteedi operatiivne kontrollimine pealelaadimise \/ mahalaadimise k\u00e4igus:<br \/>\na). granuleeritud v\u00e4etised (NPK, AN, Urea jt.): granulomeetria, karbamiid elektrijuhtivus jt.;<br \/>\nb). teravili (nisu, oder, hirss jt.): proovide v\u00f5tmine (GAFTA 124 \/ GOST 24333-2011), niiskussisalduse kontrollimine, loomuliku kaalu, lisandite<br \/>\nkindlaksm\u00e4\u00e4ramine, teravilja kahjuritega saastatuse kontroll.<br \/>\n&#8211; Putukatega saastumisele allutatud erinevate kaupade fumigatsioon.<br \/>\n&#8211; Talmaniteenused.<\/p>\n<p>Alates 1995. aastast on \u00fclevaatusfirma Globus ICITS O\u00dc inspektoritel kogemusi erinevate \u00fcldveoste (v\u00e4etised kottides, metall plaatides\/kangides\/rullides\/kottides, paber rullides, maantee- ja raudteetransport, autorehvid, metallkonstruktsioonid ja t\u00f6\u00f6stuslikud) kontrollimisel. Seadmed, erinevad pakendatud tooted, kakaooad ja kakaotooted, s\u00fcgavk\u00fclmutatud liha ja muud toidukaubad) ja puistelast (granuleeritud mineraalv\u00e4etised, erinevad metallimaagid, teravili, puidugraanulid ja -laastud, vanametall jne).<\/p>\n<\/div><\/section>\n<div  class='flex_column av-26lvk-9548ad5bbb53ae348ad6b463aea06a4c av_one_third  avia-builder-el-3  el_after_av_textblock  el_before_av_one_third  first flex_column_div  column-top-margin'     ><style type=\"text\/css\" data-created_by=\"avia_inline_auto\" id=\"style-css-av-lwamj6yo-c289918f4c5dce31a4122e03995f1527\">\n.avia-image-container.av-lwamj6yo-c289918f4c5dce31a4122e03995f1527 img.avia_image{\nbox-shadow:none;\n}\n.avia-image-container.av-lwamj6yo-c289918f4c5dce31a4122e03995f1527 .av-image-caption-overlay-center{\ncolor:#ffffff;\n}\n<\/style>\n<div  class='avia-image-container av-lwamj6yo-c289918f4c5dce31a4122e03995f1527 av-styling- avia-align-center  avia-builder-el-4  avia-builder-el-no-sibling '   itemprop=\"image\" itemscope=\"itemscope\" itemtype=\"https:\/\/schema.org\/ImageObject\" ><div class=\"avia-image-container-inner\"><div class=\"avia-image-overlay-wrap\"><img decoding=\"async\" fetchpriority=\"high\" class='wp-image-489 avia-img-lazy-loading-not-489 avia_image ' src=\"https:\/\/globus-icits.ee\/wp-content\/uploads\/2024\/05\/inspekteerimisteenused-1-300x225.jpg\" alt='' title='inspekteerimisteenused'  height=\"225\" width=\"300\"  itemprop=\"thumbnailUrl\" srcset=\"https:\/\/globus-icits.ee\/wp-content\/uploads\/2024\/05\/inspekteerimisteenused-1-300x225.jpg 300w, https:\/\/globus-icits.ee\/wp-content\/uploads\/2024\/05\/inspekteerimisteenused-1.jpg 640w\" sizes=\"(max-width: 300px) 100vw, 300px\" \/><\/div><\/div><\/div><\/div>\n<div  class='flex_column av-1oemo-b61f629c3ab5c2d3b0286b62bbad5031 av_one_third  avia-builder-el-5  el_after_av_one_third  el_before_av_one_third  flex_column_div  column-top-margin'     ><style type=\"text\/css\" data-created_by=\"avia_inline_auto\" id=\"style-css-av-lwamjbme-04fbf3fb1b40a76a175a4e5a0780fb52\">\n.avia-image-container.av-lwamjbme-04fbf3fb1b40a76a175a4e5a0780fb52 img.avia_image{\nbox-shadow:none;\n}\n.avia-image-container.av-lwamjbme-04fbf3fb1b40a76a175a4e5a0780fb52 .av-image-caption-overlay-center{\ncolor:#ffffff;\n}\n<\/style>\n<div  class='avia-image-container av-lwamjbme-04fbf3fb1b40a76a175a4e5a0780fb52 av-styling- avia-align-center  avia-builder-el-6  avia-builder-el-no-sibling '   itemprop=\"image\" itemscope=\"itemscope\" itemtype=\"https:\/\/schema.org\/ImageObject\" ><div class=\"avia-image-container-inner\"><div class=\"avia-image-overlay-wrap\"><img decoding=\"async\" fetchpriority=\"high\" class='wp-image-492 avia-img-lazy-loading-not-492 avia_image ' src=\"https:\/\/globus-icits.ee\/wp-content\/uploads\/2024\/05\/ettevottest-1-300x225.jpg\" alt='' title='ettev\u00f5ttest'  height=\"225\" width=\"300\"  itemprop=\"thumbnailUrl\" srcset=\"https:\/\/globus-icits.ee\/wp-content\/uploads\/2024\/05\/ettevottest-1-300x225.jpg 300w, https:\/\/globus-icits.ee\/wp-content\/uploads\/2024\/05\/ettevottest-1.jpg 640w\" sizes=\"(max-width: 300px) 100vw, 300px\" \/><\/div><\/div><\/div><\/div>\n<div  class='flex_column av-161wk-958a94f80afefec7becacd7cc75a7d51 av_one_third  avia-builder-el-7  el_after_av_one_third  el_before_av_hr  flex_column_div  column-top-margin'     ><style type=\"text\/css\" data-created_by=\"avia_inline_auto\" id=\"style-css-av-lwamjeyt-7aff4da3853cbcebaeadd44a39fff20b\">\n.avia-image-container.av-lwamjeyt-7aff4da3853cbcebaeadd44a39fff20b img.avia_image{\nbox-shadow:none;\n}\n.avia-image-container.av-lwamjeyt-7aff4da3853cbcebaeadd44a39fff20b .av-image-caption-overlay-center{\ncolor:#ffffff;\n}\n<\/style>\n<div  class='avia-image-container av-lwamjeyt-7aff4da3853cbcebaeadd44a39fff20b av-styling- avia-align-center  avia-builder-el-8  avia-builder-el-no-sibling '   itemprop=\"image\" itemscope=\"itemscope\" itemtype=\"https:\/\/schema.org\/ImageObject\" ><div class=\"avia-image-container-inner\"><div class=\"avia-image-overlay-wrap\"><img decoding=\"async\" fetchpriority=\"high\" class='wp-image-495 avia-img-lazy-loading-not-495 avia_image ' src=\"https:\/\/globus-icits.ee\/wp-content\/uploads\/2024\/05\/33.-Identification-of-goods-300x225.jpg\" alt='' title='33.-Identification-of-goods.'  height=\"225\" width=\"300\"  itemprop=\"thumbnailUrl\" srcset=\"https:\/\/globus-icits.ee\/wp-content\/uploads\/2024\/05\/33.-Identification-of-goods-300x225.jpg 300w, https:\/\/globus-icits.ee\/wp-content\/uploads\/2024\/05\/33.-Identification-of-goods.jpg 640w\" sizes=\"(max-width: 300px) 100vw, 300px\" \/><\/div><\/div><\/div><\/div>\n\n<style type=\"text\/css\" data-created_by=\"avia_inline_auto\" id=\"style-css-av-lweyope2-754879083a7778eef03f13135d8bc769\">\n#top .hr.hr-invisible.av-lweyope2-754879083a7778eef03f13135d8bc769{\nheight:50px;\n}\n<\/style>\n<div  class='hr av-lweyope2-754879083a7778eef03f13135d8bc769 hr-invisible  avia-builder-el-9  el_after_av_one_third  el_before_av_one_third '><span class='hr-inner '><span class=\"hr-inner-style\"><\/span><\/span><\/div>\n<div class='flex_column_table av-5wj0o-ed6e60d85c5dcf72374e442f02afc9c0 sc-av_one_third av-equal-height-column-flextable'><div  class='flex_column av-5wj0o-ed6e60d85c5dcf72374e442f02afc9c0 av_one_third  avia-builder-el-10  el_after_av_hr  el_before_av_one_third  first flex_column_table_cell av-equal-height-column av-align-middle  '     ><p>\n<style type=\"text\/css\" data-created_by=\"avia_inline_auto\" id=\"style-css-av-53pr0-fc5495348fadecd9e20a33009c76076f\">\n.avia-image-container.av-53pr0-fc5495348fadecd9e20a33009c76076f img.avia_image{\nbox-shadow:none;\n}\n.avia-image-container.av-53pr0-fc5495348fadecd9e20a33009c76076f .av-image-caption-overlay-center{\ncolor:#ffffff;\n}\n<\/style>\n<div  class='avia-image-container av-53pr0-fc5495348fadecd9e20a33009c76076f av-styling- avia-align-center  avia-builder-el-11  el_before_av_textblock  avia-builder-el-first  eakr'   itemprop=\"image\" itemscope=\"itemscope\" itemtype=\"https:\/\/schema.org\/ImageObject\" ><div class=\"avia-image-container-inner\"><div class=\"avia-image-overlay-wrap\"><img decoding=\"async\" fetchpriority=\"high\" class='wp-image-267 avia-img-lazy-loading-not-267 avia_image ' src=\"https:\/\/globus-icits.ee\/wp-content\/uploads\/2024\/05\/ak1-1.jpg\" alt='' title='ak1'  height=\"164\" width=\"248\"  itemprop=\"thumbnailUrl\"  \/><\/div><\/div><\/div><br \/>\n<section  class='av_textblock_section av-4ldkc-2f117ad69e945f506bc62d6644e6c6bf '   itemscope=\"itemscope\" itemtype=\"https:\/\/schema.org\/CreativeWork\" ><div class='avia_textblock'  itemprop=\"text\" ><p style=\"text-align: center;\">ISO 17025:2006<br \/>\nAKREDITEERITUD FIRMA<\/p>\n<p style=\"text-align: center;\">AKREDITEERIMISE SERTIFIKAAT \u2116 L249<\/p>\n<\/div><\/section><\/p><\/div>\n<div class='av-flex-placeholder'><\/div><div  class='flex_column av-44ciw-a9c99110a84ea4f37d69ef3d5b02e645 av_one_third  avia-builder-el-13  el_after_av_one_third  el_before_av_one_third  flex_column_table_cell av-equal-height-column av-align-middle  '     ><p>\n<style type=\"text\/css\" data-created_by=\"avia_inline_auto\" id=\"style-css-av-34fmg-303449bb96416000c1dab83d2d9a1512\">\n.avia-image-container.av-34fmg-303449bb96416000c1dab83d2d9a1512 img.avia_image{\nbox-shadow:none;\n}\n.avia-image-container.av-34fmg-303449bb96416000c1dab83d2d9a1512 .av-image-caption-overlay-center{\ncolor:#ffffff;\n}\n<\/style>\n<div  class='avia-image-container av-34fmg-303449bb96416000c1dab83d2d9a1512 av-styling- avia-align-center  avia-builder-el-14  el_before_av_textblock  avia-builder-el-first  bureau'   itemprop=\"image\" itemscope=\"itemscope\" itemtype=\"https:\/\/schema.org\/ImageObject\" ><div class=\"avia-image-container-inner\"><div class=\"avia-image-overlay-wrap\"><img decoding=\"async\" fetchpriority=\"high\" class='wp-image-1439 avia-img-lazy-loading-not-1439 avia_image ' src=\"https:\/\/globus-icits.ee\/wp-content\/uploads\/2024\/06\/veritas_resized.jpg\" alt='' title='veritas_resized'  height=\"90\" width=\"150\"  itemprop=\"thumbnailUrl\"  \/><\/div><\/div><\/div><br \/>\n<section  class='av_textblock_section av-2mn6w-86c57779fab47d47ffc848e17a24c271 '   itemscope=\"itemscope\" itemtype=\"https:\/\/schema.org\/CreativeWork\" ><div class='avia_textblock'  itemprop=\"text\" ><p style=\"text-align: center;\">ISO 9001:2008<br \/>\nSERTIFITSEERITUD ETTEV\u00d5TE<\/p>\n<p style=\"text-align: center;\">SERTIFIKAAT \u2116 EST129613A<\/p>\n<\/div><\/section><\/p><\/div><div class='av-flex-placeholder'><\/div><div  class='flex_column av-2232g-72ebc88c58fe3e53f93b29109d18eef9 av_one_third  avia-builder-el-16  el_after_av_one_third  avia-builder-el-last  koda-box flex_column_table_cell av-equal-height-column av-align-middle  '     ><p>\n<style type=\"text\/css\" data-created_by=\"avia_inline_auto\" id=\"style-css-av-1cezs-02b39767b82126352bf601bed7b2882a\">\n.avia-image-container.av-1cezs-02b39767b82126352bf601bed7b2882a img.avia_image{\nbox-shadow:none;\n}\n.avia-image-container.av-1cezs-02b39767b82126352bf601bed7b2882a .av-image-caption-overlay-center{\ncolor:#ffffff;\n}\n<\/style>\n<div  class='avia-image-container av-1cezs-02b39767b82126352bf601bed7b2882a av-styling- avia-align-center  avia-builder-el-17  el_before_av_textblock  avia-builder-el-first  koda'   itemprop=\"image\" itemscope=\"itemscope\" itemtype=\"https:\/\/schema.org\/ImageObject\" ><div class=\"avia-image-container-inner\"><div class=\"avia-image-overlay-wrap\"><img decoding=\"async\" fetchpriority=\"high\" class='wp-image-261 avia-img-lazy-loading-not-261 avia_image ' src=\"https:\/\/globus-icits.ee\/wp-content\/uploads\/2024\/05\/member_of_chamber_150-1.jpg\" alt='' title='member_of_chamber_150'  height=\"119\" width=\"150\"  itemprop=\"thumbnailUrl\"  \/><\/div><\/div><\/div><br \/>\n<section  class='av_textblock_section av-14mto-18e2ad9871b4a6e86f9a12eb1f9d32b0 '   itemscope=\"itemscope\" itemtype=\"https:\/\/schema.org\/CreativeWork\" ><div class='avia_textblock'  itemprop=\"text\" ><p style=\"text-align: center;\">EESTI KAUBANDUS-T\u00d6\u00d6STUSKOJA LIIGE<\/p>\n<p style=\"text-align: center;\">SERTIFIKAAT \u2116 329<\/p>\n<\/div><\/section><\/p><\/div><\/div><!--close column table wrapper. Autoclose: 1 --><\/p>\n","protected":false},"excerpt":{"rendered":"","protected":false},"author":1,"featured_media":0,"parent":0,"menu_order":0,"comment_status":"closed","ping_status":"closed","template":"","meta":{"footnotes":""},"class_list":["post-20","page","type-page","status-publish","hentry"],"_links":{"self":[{"href":"https:\/\/globus-icits.ee\/et\/wp-json\/wp\/v2\/pages\/20","targetHints":{"allow":["GET"]}}],"collection":[{"href":"https:\/\/globus-icits.ee\/et\/wp-json\/wp\/v2\/pages"}],"about":[{"href":"https:\/\/globus-icits.ee\/et\/wp-json\/wp\/v2\/types\/page"}],"author":[{"embeddable":true,"href":"https:\/\/globus-icits.ee\/et\/wp-json\/wp\/v2\/users\/1"}],"replies":[{"embeddable":true,"href":"https:\/\/globus-icits.ee\/et\/wp-json\/wp\/v2\/comments?post=20"}],"version-history":[{"count":59,"href":"https:\/\/globus-icits.ee\/et\/wp-json\/wp\/v2\/pages\/20\/revisions"}],"predecessor-version":[{"id":1469,"href":"https:\/\/globus-icits.ee\/et\/wp-json\/wp\/v2\/pages\/20\/revisions\/1469"}],"wp:attachment":[{"href":"https:\/\/globus-icits.ee\/et\/wp-json\/wp\/v2\/media?parent=20"}],"curies":[{"name":"wp","href":"https:\/\/api.w.org\/{rel}","templated":true}]}}