{"id":22,"date":"2024-05-16T09:08:46","date_gmt":"2024-05-16T09:08:46","guid":{"rendered":"http:\/\/globus-icits.ee\/?page_id=22"},"modified":"2024-06-03T08:08:47","modified_gmt":"2024-06-03T08:08:47","slug":"fumigatsioon","status":"publish","type":"page","link":"https:\/\/globus-icits.ee\/et\/fumigatsioon\/","title":{"rendered":"Fumigatsioon"},"content":{"rendered":"\n<style type=\"text\/css\" data-created_by=\"avia_inline_auto\" id=\"style-css-av-nyza-9e208f202f576aed198203ad324ac675\">\n.avia-section.av-nyza-9e208f202f576aed198203ad324ac675{\nbackground-color:#104784;\nbackground-image:unset;\n}\n<\/style>\n<div id='av_section_1'  class='avia-section av-nyza-9e208f202f576aed198203ad324ac675 main_color avia-section-default avia-no-border-styling  avia-builder-el-0  el_before_av_one_fifth  avia-builder-el-first  alamlehe-pealkiri avia-bg-style-scroll av-minimum-height av-minimum-height-15 av-height-percent  container_wrap fullsize'   data-av_minimum_height_pc='15' data-av_min_height_opt='percent'><div class='container av-section-cont-open' ><main  role=\"main\" itemprop=\"mainContentOfPage\"  class='template-page content  av-content-full alpha units'><div class='post-entry post-entry-type-page post-entry-22'><div class='entry-content-wrapper clearfix'>\n\n<style type=\"text\/css\" data-created_by=\"avia_inline_auto\" id=\"style-css-av-lwamkpqt-efebe01886eb9938ff39857b273aacd0\">\n#top .av-special-heading.av-lwamkpqt-efebe01886eb9938ff39857b273aacd0{\npadding-bottom:10px;\ncolor:#ffffff;\n}\nbody .av-special-heading.av-lwamkpqt-efebe01886eb9938ff39857b273aacd0 .av-special-heading-tag .heading-char{\nfont-size:25px;\n}\n.av-special-heading.av-lwamkpqt-efebe01886eb9938ff39857b273aacd0 .special-heading-inner-border{\nborder-color:#ffffff;\n}\n.av-special-heading.av-lwamkpqt-efebe01886eb9938ff39857b273aacd0 .av-subheading{\nfont-size:15px;\n}\n\n@media only screen and (min-width: 990px){ \n#top #wrap_all .av-special-heading.av-lwamkpqt-efebe01886eb9938ff39857b273aacd0 .av-special-heading-tag{\nfont-size:36px;\n}\n}\n<\/style>\n<div  class='av-special-heading av-lwamkpqt-efebe01886eb9938ff39857b273aacd0 av-special-heading-h2 custom-color-heading blockquote modern-quote modern-centered  avia-builder-el-1  avia-builder-el-no-sibling '><h2 class='av-special-heading-tag'  itemprop=\"headline\"  >Fumigatsioon<\/h2><div class=\"special-heading-border\"><div class=\"special-heading-inner-border\"><\/div><\/div><\/div>\n<\/div><\/div><\/main><!-- close content main element --><\/div><\/div><div id='after_section_1'  class='main_color av_default_container_wrap container_wrap fullsize'  ><div class='container av-section-cont-open' ><div class='template-page content  av-content-full alpha units'><div class='post-entry post-entry-type-page post-entry-22'><div class='entry-content-wrapper clearfix'>\n<div  class='flex_column av-7wte-7e4ac8332a670ff4ba2d61629e0d5c98 av_one_fifth  avia-builder-el-2  el_after_av_section  el_before_av_three_fifth  avia-builder-el-first  first flex_column_div  '     ><\/div>\n<div  class='flex_column av-1k1j6-2cd08da711d2d1a0a2b3740fa7f19f1d av_three_fifth  avia-builder-el-3  el_after_av_one_fifth  el_before_av_one_fifth  flex_column_div  '     ><section  class='av_textblock_section av-lwamleeo-bddb7bab8c1aa910a658929d628bf79e '   itemscope=\"itemscope\" itemtype=\"https:\/\/schema.org\/CreativeWork\" ><div class='avia_textblock'  itemprop=\"text\" ><p style=\"text-align: left;\">Firma t\u00f6\u00f6tajad on l\u00e4binud vastava fumigatsiooni koolituse ja praktika Saksamaal. Meie poolt kasutatavad firma Detia Degesch fumigandid (Fostoksin ja Magtoksin) on k\u00e4esoleval ajal k\u00f5ige kaasaegsemad ja t\u00f5husamad kahjurit\u00f5rjevahendid. Seejuures antud fumigandid ei kutsu esile t\u00f6\u00f6deldud toodangu mis tahes halvenemist, ei m\u00f5juta selle n\u00e4itajaid, selliseid nagu idanevus, maitse, l\u00f5hn, toote liik ja kulinaarsed omadused.<\/p>\n<p style=\"text-align: left;\">Eriti vastupidavate putukate t\u00f5rje juhtudel s\u00e4ritusaeg suureneb. Fumigatsiooniaeg peab olema piisav selleks, et tagada t\u00f6\u00f6deldavat toodangut kahjustanud kahjurite t\u00e4ielik h\u00e4vitamine. T\u00f6\u00f6tlemisperiood peab samuti olema piisav fumigandi maksimaalseks koostoimeks atmosf\u00e4\u00e4riniiskusega, et selle mittelagunenud j\u00e4\u00e4gid oleks minimaalsed v\u00f5i siis neid ei oleks \u00fcldse. See kindlustab personali turvalisust, keda ootab ees kontakteerumine toodanguga edasisel hoiustamisel v\u00f5i \u00fcmbert\u00f6\u00f6tlemisel ning hoiab \u00e4ra \u00f5nnetusjuhtumite v\u00f5imaluse peale fumigatsiooni allesj\u00e4\u00e4nud fumigandi j\u00e4\u00e4kidest.<\/p>\n<p style=\"text-align: left;\">\u00d5igel t\u00f6\u00f6tlemisel kaupade fumigatsiooni kestvus v\u00f5ib varieeruda s\u00f5ltuvalt s\u00e4rituse tingimustest, kuid \u00fcldreeglina \u2013 madalatel temperatuuridel kahjurite t\u00f5rje toimub raskemalt, kuna madalatel temperatuuridel ja madala suhtelise niiskuse juures vesinikfosfiidi gaasi eraldumine toimub n\u00f5rgemalt.<\/p>\n<p style=\"text-align: left;\">Peale fumigatsiooni faasi kaubad (s\u00f6\u00f6dad ja saadused) peavad l\u00e4bima p\u00f5hjaliku tuulutuse v\u00e4hemalt\u00a0<strong>48 tundi<\/strong>\u00a0enne seda, kui need j\u00f5uavad l\u00f5pliku tarbijani.<\/p>\n<p style=\"text-align: left;\">Kaupade t\u00f6\u00f6tlemise fumigandiga suhtelise niiskuse juures 60% minimaalsed t\u00e4htajad:<\/p>\n<\/div><\/section><\/div>\n<div  class='flex_column av-zihm-d358d929ad3970541c401474b1f1b5fd av_one_fifth  avia-builder-el-5  el_after_av_three_fifth  el_before_av_one_fifth  flex_column_div  '     ><\/div>\n<div  class='flex_column av-20nzm-3712877a9beed22f0c44881285d902c9 av_one_fifth  avia-builder-el-6  el_after_av_one_fifth  el_before_av_three_fifth  first flex_column_div  column-top-margin'     ><\/div>\n<div  class='flex_column av-1hw7u-eaa90c1c7eb802b49d3dd3853a3c4ec9 av_three_fifth  avia-builder-el-7  el_after_av_one_fifth  el_before_av_one_fifth  flex_column_div  column-top-margin'     ><\/div>\n<div  class='flex_column av-tupi-925c957cc228111b6c788262ce5e2942 av_one_fifth  avia-builder-el-9  el_after_av_three_fifth  el_before_av_one_fifth  flex_column_div  column-top-margin'     ><\/div>\n<div  class='flex_column av-35tbe-6ca0ca72d10a629732ddeedfd23e01bf av_one_fifth  avia-builder-el-10  el_after_av_one_fifth  el_before_av_three_fifth  first flex_column_div  column-top-margin'     ><\/div>\n<div  class='flex_column av-2htta-30313035f6e29362830824d6290e508a av_three_fifth  avia-builder-el-11  el_after_av_one_fifth  el_before_av_one_fifth  flex_column_div  column-top-margin'     ><style type=\"text\/css\" data-created_by=\"avia_inline_auto\" id=\"style-css-av-2867e-8f90176be8613a5d023fe0b79b0cf336\">\n.avia-image-container.av-2867e-8f90176be8613a5d023fe0b79b0cf336 img.avia_image{\nbox-shadow:none;\n}\n.avia-image-container.av-2867e-8f90176be8613a5d023fe0b79b0cf336 .av-image-caption-overlay-center{\ncolor:#ffffff;\n}\n<\/style>\n<div  class='avia-image-container av-2867e-8f90176be8613a5d023fe0b79b0cf336 av-styling- avia-align-center  avia-builder-el-12  avia-builder-el-no-sibling '   itemprop=\"image\" itemscope=\"itemscope\" itemtype=\"https:\/\/schema.org\/ImageObject\" ><div class=\"avia-image-container-inner\"><div class=\"avia-image-overlay-wrap\"><img decoding=\"async\" fetchpriority=\"high\" class='wp-image-200 avia-img-lazy-loading-not-200 avia_image ' src=\"https:\/\/globus-icits.ee\/wp-content\/uploads\/2024\/05\/fumigatsioon-845x646.jpg\" alt='' title='fumigatsioon'  height=\"646\" width=\"845\"  itemprop=\"thumbnailUrl\"  \/><\/div><\/div><\/div><\/div>\n<div  class='flex_column av-1c7ie-0face786662773bf1e718a1556afe72d av_one_fifth  avia-builder-el-13  el_after_av_three_fifth  el_before_av_hr  flex_column_div  column-top-margin'     ><\/div>\n\n<style type=\"text\/css\" data-created_by=\"avia_inline_auto\" id=\"style-css-av-lweyo0dv-58ac080c677db71972ed5522fd1c7904\">\n#top .hr.hr-invisible.av-lweyo0dv-58ac080c677db71972ed5522fd1c7904{\nheight:50px;\n}\n<\/style>\n<div  class='hr av-lweyo0dv-58ac080c677db71972ed5522fd1c7904 hr-invisible  avia-builder-el-14  el_after_av_one_fifth  el_before_av_one_third '><span class='hr-inner '><span class=\"hr-inner-style\"><\/span><\/span><\/div>\n<div class='flex_column_table av-5p0vq-cccbb992dcc2397a73a8445b56b1c229 sc-av_one_third av-equal-height-column-flextable'><div  class='flex_column av-5p0vq-cccbb992dcc2397a73a8445b56b1c229 av_one_third  avia-builder-el-15  el_after_av_hr  el_before_av_one_third  first flex_column_table_cell av-equal-height-column av-align-middle  '     ><p>\n<style type=\"text\/css\" data-created_by=\"avia_inline_auto\" id=\"style-css-av-59g02-58221d8439a073f0b568439343bb02a7\">\n.avia-image-container.av-59g02-58221d8439a073f0b568439343bb02a7 img.avia_image{\nbox-shadow:none;\n}\n.avia-image-container.av-59g02-58221d8439a073f0b568439343bb02a7 .av-image-caption-overlay-center{\ncolor:#ffffff;\n}\n<\/style>\n<div  class='avia-image-container av-59g02-58221d8439a073f0b568439343bb02a7 av-styling- avia-align-center  avia-builder-el-16  el_before_av_textblock  avia-builder-el-first  eakr'   itemprop=\"image\" itemscope=\"itemscope\" itemtype=\"https:\/\/schema.org\/ImageObject\" ><div class=\"avia-image-container-inner\"><div class=\"avia-image-overlay-wrap\"><img decoding=\"async\" fetchpriority=\"high\" class='wp-image-267 avia-img-lazy-loading-not-267 avia_image ' src=\"https:\/\/globus-icits.ee\/wp-content\/uploads\/2024\/05\/ak1-1.jpg\" alt='' title='ak1'  height=\"164\" width=\"248\"  itemprop=\"thumbnailUrl\"  \/><\/div><\/div><\/div><br \/>\n<section  class='av_textblock_section av-4jgnu-685b856da308a6b2fcd515ba17fbebae '   itemscope=\"itemscope\" itemtype=\"https:\/\/schema.org\/CreativeWork\" ><div class='avia_textblock'  itemprop=\"text\" ><p style=\"text-align: center;\">ISO 17025:2006<br \/>\nAKREDITEERITUD FIRMA<\/p>\n<p style=\"text-align: center;\">AKREDITEERIMISE SERTIFIKAAT \u2116 L249<\/p>\n<\/div><\/section><\/p><\/div>\n<div class='av-flex-placeholder'><\/div><div  class='flex_column av-3sg4q-baf47ad7850468c3276b2cd982078eac av_one_third  avia-builder-el-18  el_after_av_one_third  el_before_av_one_third  flex_column_table_cell av-equal-height-column av-align-middle  '     ><p>\n<style type=\"text\/css\" data-created_by=\"avia_inline_auto\" id=\"style-css-av-3igsm-fc6f65bad4c98ba80f9d23b0bdfc53db\">\n.avia-image-container.av-3igsm-fc6f65bad4c98ba80f9d23b0bdfc53db img.avia_image{\nbox-shadow:none;\n}\n.avia-image-container.av-3igsm-fc6f65bad4c98ba80f9d23b0bdfc53db .av-image-caption-overlay-center{\ncolor:#ffffff;\n}\n<\/style>\n<div  class='avia-image-container av-3igsm-fc6f65bad4c98ba80f9d23b0bdfc53db av-styling- avia-align-center  avia-builder-el-19  el_before_av_textblock  avia-builder-el-first  bureau'   itemprop=\"image\" itemscope=\"itemscope\" itemtype=\"https:\/\/schema.org\/ImageObject\" ><div class=\"avia-image-container-inner\"><div class=\"avia-image-overlay-wrap\"><img decoding=\"async\" fetchpriority=\"high\" class='wp-image-1439 avia-img-lazy-loading-not-1439 avia_image ' src=\"https:\/\/globus-icits.ee\/wp-content\/uploads\/2024\/06\/veritas_resized.jpg\" alt='' title='veritas_resized'  height=\"90\" width=\"150\"  itemprop=\"thumbnailUrl\"  \/><\/div><\/div><\/div><br \/>\n<section  class='av_textblock_section av-2h9li-4c701917645d407ed00bf6c03781b995 '   itemscope=\"itemscope\" itemtype=\"https:\/\/schema.org\/CreativeWork\" ><div class='avia_textblock'  itemprop=\"text\" ><p style=\"text-align: center;\">ISO 9001:2008<br \/>\nSERTIFITSEERITUD ETTEV\u00d5TE<\/p>\n<p style=\"text-align: center;\">SERTIFIKAAT \u2116 EST129613A<\/p>\n<\/div><\/section><\/p><\/div><div class='av-flex-placeholder'><\/div><div  class='flex_column av-286qu-ab148c747d6290b7f020d5e399178cdb av_one_third  avia-builder-el-21  el_after_av_one_third  avia-builder-el-last  koda-box flex_column_table_cell av-equal-height-column av-align-middle  '     ><p>\n<style type=\"text\/css\" data-created_by=\"avia_inline_auto\" id=\"style-css-av-1l7cq-165515381cb3a1b9130b1e48f1b51602\">\n.avia-image-container.av-1l7cq-165515381cb3a1b9130b1e48f1b51602 img.avia_image{\nbox-shadow:none;\n}\n.avia-image-container.av-1l7cq-165515381cb3a1b9130b1e48f1b51602 .av-image-caption-overlay-center{\ncolor:#ffffff;\n}\n<\/style>\n<div  class='avia-image-container av-1l7cq-165515381cb3a1b9130b1e48f1b51602 av-styling- avia-align-center  avia-builder-el-22  el_before_av_textblock  avia-builder-el-first  koda'   itemprop=\"image\" itemscope=\"itemscope\" itemtype=\"https:\/\/schema.org\/ImageObject\" ><div class=\"avia-image-container-inner\"><div class=\"avia-image-overlay-wrap\"><img decoding=\"async\" fetchpriority=\"high\" class='wp-image-261 avia-img-lazy-loading-not-261 avia_image ' src=\"https:\/\/globus-icits.ee\/wp-content\/uploads\/2024\/05\/member_of_chamber_150-1.jpg\" alt='' title='member_of_chamber_150'  height=\"119\" width=\"150\"  itemprop=\"thumbnailUrl\"  \/><\/div><\/div><\/div><br \/>\n<section  class='av_textblock_section av-109f2-5cf16a16068a0cfb819db47cb3708ea8 '   itemscope=\"itemscope\" itemtype=\"https:\/\/schema.org\/CreativeWork\" ><div class='avia_textblock'  itemprop=\"text\" ><p style=\"text-align: center;\">EESTI KAUBANDUS-T\u00d6\u00d6STUSKOJA LIIGE<\/p>\n<p style=\"text-align: center;\">SERTIFIKAAT \u2116 329<\/p>\n<\/div><\/section><\/p><\/div><\/div><!--close column table wrapper. Autoclose: 1 --><\/p>\n","protected":false},"excerpt":{"rendered":"","protected":false},"author":1,"featured_media":0,"parent":0,"menu_order":0,"comment_status":"closed","ping_status":"closed","template":"","meta":{"footnotes":""},"class_list":["post-22","page","type-page","status-publish","hentry"],"_links":{"self":[{"href":"https:\/\/globus-icits.ee\/et\/wp-json\/wp\/v2\/pages\/22","targetHints":{"allow":["GET"]}}],"collection":[{"href":"https:\/\/globus-icits.ee\/et\/wp-json\/wp\/v2\/pages"}],"about":[{"href":"https:\/\/globus-icits.ee\/et\/wp-json\/wp\/v2\/types\/page"}],"author":[{"embeddable":true,"href":"https:\/\/globus-icits.ee\/et\/wp-json\/wp\/v2\/users\/1"}],"replies":[{"embeddable":true,"href":"https:\/\/globus-icits.ee\/et\/wp-json\/wp\/v2\/comments?post=22"}],"version-history":[{"count":105,"href":"https:\/\/globus-icits.ee\/et\/wp-json\/wp\/v2\/pages\/22\/revisions"}],"predecessor-version":[{"id":1462,"href":"https:\/\/globus-icits.ee\/et\/wp-json\/wp\/v2\/pages\/22\/revisions\/1462"}],"wp:attachment":[{"href":"https:\/\/globus-icits.ee\/et\/wp-json\/wp\/v2\/media?parent=22"}],"curies":[{"name":"wp","href":"https:\/\/api.w.org\/{rel}","templated":true}]}}