{"id":26,"date":"2024-05-16T09:09:02","date_gmt":"2024-05-16T09:09:02","guid":{"rendered":"http:\/\/globus-icits.ee\/?page_id=26"},"modified":"2024-06-03T08:08:28","modified_gmt":"2024-06-03T08:08:28","slug":"firmast","status":"publish","type":"page","link":"https:\/\/globus-icits.ee\/et\/firmast\/","title":{"rendered":"Firmast"},"content":{"rendered":"\n<style type=\"text\/css\" data-created_by=\"avia_inline_auto\" id=\"style-css-av-61lcq-c2569db818413e56dde15103c4bf1c27\">\n.avia-section.av-61lcq-c2569db818413e56dde15103c4bf1c27{\nbackground-color:#104784;\nbackground-image:unset;\n}\n<\/style>\n<div id='av_section_1'  class='avia-section av-61lcq-c2569db818413e56dde15103c4bf1c27 main_color avia-section-default avia-no-border-styling  avia-builder-el-0  el_before_av_textblock  avia-builder-el-first  alamlehe-pealkiri avia-bg-style-scroll av-minimum-height av-minimum-height-15 av-height-percent  container_wrap fullsize'   data-av_minimum_height_pc='15' data-av_min_height_opt='percent'><div class='container av-section-cont-open' ><main  role=\"main\" itemprop=\"mainContentOfPage\"  class='template-page content  av-content-full alpha units'><div class='post-entry post-entry-type-page post-entry-26'><div class='entry-content-wrapper clearfix'>\n\n<style type=\"text\/css\" data-created_by=\"avia_inline_auto\" id=\"style-css-av-lweyq06l-62d0ce620ffb5ece6cd75c6cd3174873\">\n#top .av-special-heading.av-lweyq06l-62d0ce620ffb5ece6cd75c6cd3174873{\npadding-bottom:10px;\ncolor:#ffffff;\n}\nbody .av-special-heading.av-lweyq06l-62d0ce620ffb5ece6cd75c6cd3174873 .av-special-heading-tag .heading-char{\nfont-size:25px;\n}\n.av-special-heading.av-lweyq06l-62d0ce620ffb5ece6cd75c6cd3174873 .special-heading-inner-border{\nborder-color:#ffffff;\n}\n.av-special-heading.av-lweyq06l-62d0ce620ffb5ece6cd75c6cd3174873 .av-subheading{\nfont-size:15px;\n}\n\n@media only screen and (min-width: 990px){ \n#top #wrap_all .av-special-heading.av-lweyq06l-62d0ce620ffb5ece6cd75c6cd3174873 .av-special-heading-tag{\nfont-size:36px;\n}\n}\n<\/style>\n<div  class='av-special-heading av-lweyq06l-62d0ce620ffb5ece6cd75c6cd3174873 av-special-heading-h2 custom-color-heading blockquote modern-quote modern-centered  avia-builder-el-1  avia-builder-el-no-sibling '><h2 class='av-special-heading-tag'  itemprop=\"headline\"  >Firmast<\/h2><div class=\"special-heading-border\"><div class=\"special-heading-inner-border\"><\/div><\/div><\/div>\n<\/div><\/div><\/main><!-- close content main element --><\/div><\/div><div id='after_section_1'  class='main_color av_default_container_wrap container_wrap fullsize'  ><div class='container av-section-cont-open' ><div class='template-page content  av-content-full alpha units'><div class='post-entry post-entry-type-page post-entry-26'><div class='entry-content-wrapper clearfix'>\n<section  class='av_textblock_section av-lweyscd6-9863b9fb089d6d57dd009806c030a5c1 '   itemscope=\"itemscope\" itemtype=\"https:\/\/schema.org\/CreativeWork\" ><div class='avia_textblock'  itemprop=\"text\" ><div>\n<p>Firma\u00a0<strong>Globus ICITS O\u00dc<\/strong> (Kaupade S\u00f5ltumatu Inspekteerimine ja identifitseerimine\u00a0), reg.nr. 12349239, on asutatud 15.09.2012.a. Tallinnas, omab Eesti Akrediteerimiskeskuse akrediteeringut (Sertifikaat nr. L249, 04.01.2013) vastavalt standardi\u00a0<strong>ISO 17025:2006<\/strong>\u00a0(\u00abKatse- ja kalibreerimislaborite p\u00e4devusele esitatavad \u00fcldn\u00f5uded\u00bb) n\u00f5uetele, firma\u00a0<strong>Globus ICITS O\u00dc<\/strong>\u00a0juhtimiss\u00fcsteem oli tunnistatud vastavaks standardile\u00a0<strong>ISO 9001:2008<\/strong>, firma on Eesti Kaubandus- ja T\u00f6\u00f6stuskoja liige, Rahvusvahelise Teravilja- ja S\u00f6\u00f6dakaubanduse Assotsiatsiooni (GAFTA) liikmekandidaat.<\/p>\n<p>Ettev\u00f5te on spetsialiseerunud erinevat t\u00fc\u00fcpi veoste s\u00f5ltumatule kontrollile, mereinspektsiooni teenustele ja veoste fumigeerimisele Balti riikides ja Skandinaavia riikides. \u00dclevaatusfirma Globus ICITS O\u00dc asutaja ja omanik on Hr. Oleg Minejev.<\/p>\n<\/div>\n<p>Oleg Minejev<br \/>\nJuhatuse liige<br \/>\ntel. +372 555 35 825<br \/>\ne-mail: <a href=\"mailto:inspection@globus-icits.ee\">inspection@globus-icits.ee<\/a><\/p>\n<\/div><\/section>\n<div class='flex_column_table av-5xtbi-82d087a8c7e4a5c93d4c3a4296a79f7a sc-av_one_third av-equal-height-column-flextable'><div  class='flex_column av-5xtbi-82d087a8c7e4a5c93d4c3a4296a79f7a av_one_third  avia-builder-el-3  el_after_av_textblock  el_before_av_one_third  first flex_column_table_cell av-equal-height-column av-align-middle  column-top-margin'     ><p>\n<style type=\"text\/css\" data-created_by=\"avia_inline_auto\" id=\"style-css-av-58y3q-3f03d833b9ff5a11c4231a5838a686bb\">\n.avia-image-container.av-58y3q-3f03d833b9ff5a11c4231a5838a686bb img.avia_image{\nbox-shadow:none;\n}\n.avia-image-container.av-58y3q-3f03d833b9ff5a11c4231a5838a686bb .av-image-caption-overlay-center{\ncolor:#ffffff;\n}\n<\/style>\n<div  class='avia-image-container av-58y3q-3f03d833b9ff5a11c4231a5838a686bb av-styling- avia-align-center  avia-builder-el-4  el_before_av_textblock  avia-builder-el-first  eakr'   itemprop=\"image\" itemscope=\"itemscope\" itemtype=\"https:\/\/schema.org\/ImageObject\" ><div class=\"avia-image-container-inner\"><div class=\"avia-image-overlay-wrap\"><img decoding=\"async\" fetchpriority=\"high\" class='wp-image-267 avia-img-lazy-loading-not-267 avia_image ' src=\"https:\/\/globus-icits.ee\/wp-content\/uploads\/2024\/05\/ak1-1.jpg\" alt='' title='ak1'  height=\"164\" width=\"248\"  itemprop=\"thumbnailUrl\"  \/><\/div><\/div><\/div><br \/>\n<section  class='av_textblock_section av-49ulm-bb637773292735efb6c6376baa0dcb4f '   itemscope=\"itemscope\" itemtype=\"https:\/\/schema.org\/CreativeWork\" ><div class='avia_textblock'  itemprop=\"text\" ><p style=\"text-align: center;\">ISO 17025:2006<br \/>\nAKREDITEERITUD FIRMA<\/p>\n<p style=\"text-align: center;\">AKREDITEERIMISE SERTIFIKAAT \u2116 L249<\/p>\n<\/div><\/section><\/p><\/div>\n<div class='av-flex-placeholder'><\/div><div  class='flex_column av-3q4hq-b2fe92f506a070439317422fee657bf5 av_one_third  avia-builder-el-6  el_after_av_one_third  el_before_av_one_third  flex_column_table_cell av-equal-height-column av-align-middle  column-top-margin'     ><p>\n<style type=\"text\/css\" data-created_by=\"avia_inline_auto\" id=\"style-css-av-3cjra-e456252670b011d50f9624df541a1f9f\">\n.avia-image-container.av-3cjra-e456252670b011d50f9624df541a1f9f img.avia_image{\nbox-shadow:none;\n}\n.avia-image-container.av-3cjra-e456252670b011d50f9624df541a1f9f .av-image-caption-overlay-center{\ncolor:#ffffff;\n}\n<\/style>\n<div  class='avia-image-container av-3cjra-e456252670b011d50f9624df541a1f9f av-styling- avia-align-center  avia-builder-el-7  el_before_av_textblock  avia-builder-el-first  bureau'   itemprop=\"image\" itemscope=\"itemscope\" itemtype=\"https:\/\/schema.org\/ImageObject\" ><div class=\"avia-image-container-inner\"><div class=\"avia-image-overlay-wrap\"><img decoding=\"async\" fetchpriority=\"high\" class='wp-image-1439 avia-img-lazy-loading-not-1439 avia_image ' src=\"https:\/\/globus-icits.ee\/wp-content\/uploads\/2024\/06\/veritas_resized.jpg\" alt='' title='veritas_resized'  height=\"90\" width=\"150\"  itemprop=\"thumbnailUrl\"  \/><\/div><\/div><\/div><br \/>\n<section  class='av_textblock_section av-2k6m6-4bdd8f9cb2c17b18391afad930a7e2e2 '   itemscope=\"itemscope\" itemtype=\"https:\/\/schema.org\/CreativeWork\" ><div class='avia_textblock'  itemprop=\"text\" ><p style=\"text-align: center;\">ISO 9001:2008<br \/>\nSERTIFITSEERITUD ETTEV\u00d5TE<\/p>\n<p style=\"text-align: center;\">SERTIFIKAAT \u2116 EST129613A<\/p>\n<\/div><\/section><\/p><\/div><div class='av-flex-placeholder'><\/div><div  class='flex_column av-2c6qa-3f39c59ff26a0bb80b7c4b8f5118952e av_one_third  avia-builder-el-9  el_after_av_one_third  avia-builder-el-last  koda-box flex_column_table_cell av-equal-height-column av-align-middle  column-top-margin'     ><p>\n<style type=\"text\/css\" data-created_by=\"avia_inline_auto\" id=\"style-css-av-1l5qi-4a4af8f095fbadedf2391666f9eb98c7\">\n.avia-image-container.av-1l5qi-4a4af8f095fbadedf2391666f9eb98c7 img.avia_image{\nbox-shadow:none;\n}\n.avia-image-container.av-1l5qi-4a4af8f095fbadedf2391666f9eb98c7 .av-image-caption-overlay-center{\ncolor:#ffffff;\n}\n<\/style>\n<div  class='avia-image-container av-1l5qi-4a4af8f095fbadedf2391666f9eb98c7 av-styling- avia-align-center  avia-builder-el-10  el_before_av_textblock  avia-builder-el-first  koda'   itemprop=\"image\" itemscope=\"itemscope\" itemtype=\"https:\/\/schema.org\/ImageObject\" ><div class=\"avia-image-container-inner\"><div class=\"avia-image-overlay-wrap\"><img decoding=\"async\" fetchpriority=\"high\" class='wp-image-261 avia-img-lazy-loading-not-261 avia_image ' src=\"https:\/\/globus-icits.ee\/wp-content\/uploads\/2024\/05\/member_of_chamber_150-1.jpg\" alt='' title='member_of_chamber_150'  height=\"119\" width=\"150\"  itemprop=\"thumbnailUrl\"  \/><\/div><\/div><\/div><br \/>\n<section  class='av_textblock_section av-w5nq-85b666b416899f8d1257bebfa3281b7c '   itemscope=\"itemscope\" itemtype=\"https:\/\/schema.org\/CreativeWork\" ><div class='avia_textblock'  itemprop=\"text\" ><p style=\"text-align: center;\">EESTI KAUBANDUS-T\u00d6\u00d6STUSKOJA LIIGE<\/p>\n<p style=\"text-align: center;\">SERTIFIKAAT \u2116 329<\/p>\n<\/div><\/section><\/p><\/div><\/div><!--close column table wrapper. Autoclose: 1 --><\/p>\n","protected":false},"excerpt":{"rendered":"","protected":false},"author":1,"featured_media":0,"parent":0,"menu_order":0,"comment_status":"closed","ping_status":"closed","template":"","meta":{"footnotes":""},"class_list":["post-26","page","type-page","status-publish","hentry"],"_links":{"self":[{"href":"https:\/\/globus-icits.ee\/et\/wp-json\/wp\/v2\/pages\/26","targetHints":{"allow":["GET"]}}],"collection":[{"href":"https:\/\/globus-icits.ee\/et\/wp-json\/wp\/v2\/pages"}],"about":[{"href":"https:\/\/globus-icits.ee\/et\/wp-json\/wp\/v2\/types\/page"}],"author":[{"embeddable":true,"href":"https:\/\/globus-icits.ee\/et\/wp-json\/wp\/v2\/users\/1"}],"replies":[{"embeddable":true,"href":"https:\/\/globus-icits.ee\/et\/wp-json\/wp\/v2\/comments?post=26"}],"version-history":[{"count":15,"href":"https:\/\/globus-icits.ee\/et\/wp-json\/wp\/v2\/pages\/26\/revisions"}],"predecessor-version":[{"id":1456,"href":"https:\/\/globus-icits.ee\/et\/wp-json\/wp\/v2\/pages\/26\/revisions\/1456"}],"wp:attachment":[{"href":"https:\/\/globus-icits.ee\/et\/wp-json\/wp\/v2\/media?parent=26"}],"curies":[{"name":"wp","href":"https:\/\/api.w.org\/{rel}","templated":true}]}}